{"id":2126,"date":"2023-10-17T11:27:33","date_gmt":"2023-10-17T11:27:33","guid":{"rendered":"https:\/\/www.kubeingenieria.es\/cookie-richtlinie\/"},"modified":"2023-10-18T10:56:46","modified_gmt":"2023-10-18T10:56:46","slug":"cookie-richtlinie","status":"publish","type":"page","link":"https:\/\/www.kubeingenieria.es\/de\/cookie-richtlinie\/","title":{"rendered":"Cookie-Richtlinie"},"content":{"rendered":"\n<h3 class=\"wp-block-heading\">Definition und allgemeine Funktion von Cookies.<\/h3>\n\n<p>Der Eigent\u00fcmer dieser Website weist darauf hin, dass Cookies und\/oder \u00e4hnliche Technologien zum Speichern und Abrufen von Informationen beim Surfen verwendet werden. Generell k\u00f6nnen diese Technologien ganz unterschiedlichen Zwecken dienen, wie zum Beispiel der Wiedererkennung als Nutzer, der Gewinnung von Informationen \u00fcber Ihr Surfverhalten oder der Personalisierung der Darstellung der Inhalte. Nachfolgend werden die konkreten Einsatzm\u00f6glichkeiten dieser Technologien beschrieben.<\/p>\n\n<h3 class=\"wp-block-heading\">Informationen \u00fcber die Art der verwendeten Cookies und deren Zweck.<\/h3>\n\n<ul class=\"wp-block-list\">\n<li><strong>Techniken:<\/strong> Dies sind diejenigen, die f\u00fcr die Navigation und das ordnungsgem\u00e4\u00dfe Funktionieren unserer Website erforderlich sind. Sie erm\u00f6glichen beispielsweise die Steuerung des Datenverkehrs und der Datenkommunikation, den Zugriff auf Teile mit beschr\u00e4nktem Zugriff, die Durchf\u00fchrung des Kaufvorgangs einer Bestellung, die Verwendung von Sicherheitselementen, die Speicherung von Inhalten, um Videos zu \u00fcbertragen oder Inhalte \u00fcber soziale Netzwerke zu teilen.<\/li>\n\n\n\n<li><strong>Personalisierung:<\/strong> Hierbei handelt es sich um solche, die es dem Benutzer erm\u00f6glichen, auf den Dienst mit vordefinierten Merkmalen zuzugreifen, die auf einer Reihe von Kriterien basieren, wie z. B. der Sprache, der Art des Browsers, \u00fcber den auf den Dienst zugegriffen wird, der regionalen Konfiguration, von der aus auf ihn zugegriffen wird Service usw.<\/li>\n\n\n\n<li><strong>Von<\/strong> <strong>analyse:<\/strong> Hierbei handelt es sich um Daten, die von uns oder Dritten verarbeitet werden und es uns erm\u00f6glichen, die Anzahl der Nutzer zu quantifizieren und so die Nutzung des angebotenen Dienstes durch die Nutzer zu messen und statistisch zu analysieren. Dazu wird Ihre Navigation auf unserer Website analysiert, um das Angebot der von uns angebotenen Produkte oder Dienstleistungen zu verbessern.<\/li>\n\n\n\n<li><strong>Werbung:<\/strong> Dabei handelt es sich um Werbung, die eine m\u00f6glichst effiziente Verwaltung der Werbefl\u00e4chen erm\u00f6glicht, die auf unserer Website enthalten sein k\u00f6nnten.<\/li>\n<\/ul>\n\n<p><strong>\u2022 Verhaltensbezogene Werbung:<\/strong> Hierbei handelt es sich um Werbung, die uns oder Dritten erm\u00f6glicht, Ihre Surfgewohnheiten im Internet zu analysieren, damit wir Ihnen Werbung zeigen k\u00f6nnen, die sich auf Ihr Browserprofil bezieht.<\/p>\n\n<p>Kube Engineering Global SL verwendet auf seiner Website:<\/p>\n<div class=\"cky-audit-table-element\"><\/div>\n\n<h4 class=\"wp-block-heading\">IDENTIFIZIERUNG, WER DIE COOKIES VERWENDET<\/h4>\n\n<p>Die durch Cookies gewonnenen Informationen werden nur von unserem Herausgeber und\/oder auch von Dritten verarbeitet, mit denen unser Herausgeber einen Vertrag zur Erbringung einer Dienstleistung abgeschlossen hat, f\u00fcr die der Einsatz von Cookies erforderlich ist.<\/p>\n\n<ul class=\"wp-block-list\">\n<li>Eigene Cookies: Hierbei handelt es sich um Cookies, die von unseren eigenen Computern oder Dom\u00e4nen an Ihren Computer gesendet werden und von denen aus wir den von Ihnen angeforderten Dienst bereitstellen.<\/li>\n\n\n\n<li>Cookies von Drittanbietern: Hierbei handelt es sich um Cookies, die von einem Computer oder einer Dom\u00e4ne an Ihren Computer gesendet werden, die nicht von uns, sondern von einer anderen zusammenarbeitenden Einheit verwaltet wird. So zum Beispiel solche, die von sozialen Netzwerken oder von externen Inhalten wie Google Maps genutzt werden. Cookies von Drittanbietern erm\u00f6glichen es, die Anzahl der Nutzer zu quantifizieren und so eine statistische Messung und Analyse der Nutzung des angebotenen Dienstes durch die Nutzer durchzuf\u00fchren. Dazu wird Ihre Navigation auf unserer Website analysiert, um das Angebot der von uns angebotenen Produkte oder Dienstleistungen zu verbessern. Treffen Sie die Drittanbieter <a href=\"https:\/\/policies.google.com\/technologies\/cookies?hl=es\" target=\"_blank\" rel=\"noopener\">HIER<\/a><\/li>\n<\/ul>\n\n<h4 class=\"wp-block-heading\">WIE KANN DER BENUTZER COOKIES KONFIGURIEREN ODER DEAKTIVIEREN?<\/h4>\n\n<p>Sie k\u00f6nnen Cookies zulassen oder blockieren sowie Ihre Browserdaten (einschlie\u00dflich Cookies) aus dem von Ihnen verwendeten Browser l\u00f6schen. Konsultieren Sie dazu die M\u00f6glichkeiten und Anleitungen Ihres Browsers. Bitte beachten Sie, dass Sie, wenn Sie Cookies von Drittanbietern akzeptieren, diese aus Ihren Browseroptionen l\u00f6schen m\u00fcssen.<\/p>\n\n<h4 class=\"wp-block-heading\">Daten\u00fcbertragungen durch den Herausgeber in Drittl\u00e4nder nehmen wir nicht vor<\/h4>\n\n<p>\u00dcber \u00dcbermittlungen in Drittl\u00e4nder, die gegebenenfalls von den in dieser Cookie-Richtlinie genannten Dritten durchgef\u00fchrt werden, k\u00f6nnen Sie sich in deren entsprechenden Richtlinien informieren (siehe die Links im Abschnitt \u201eCookies von Drittanbietern\u201c).<\/p>\n\n<p>Bei dem von uns durchgef\u00fchrten Profiling handelt es sich um eine automatisierte Entscheidungsfindung, die f\u00fcr den Nutzer rechtliche Wirkung entfaltet oder ihn in \u00e4hnlicher Weise erheblich beeintr\u00e4chtigt.<\/p>\n\n<h4 class=\"wp-block-heading\">DIE ERSTELLUNG VON PROFILEN.<\/h4>\n\n<p>Wir erstellen keine Profile.<\/p>\n\n<h4 class=\"wp-block-heading\">KONSERVIERUNGSZEITRAUM:<\/h4>\n\n<ul class=\"wp-block-list\">\n<li><strong>Sitzungscookies:<\/strong> Hierbei handelt es sich um tempor\u00e4re Cookies, die in der Cookie-Datei Ihres Browsers verbleiben, bis der Benutzer die Website verl\u00e4sst, sodass keine Cookies auf der Festplatte Ihres Computers gespeichert werden. Die durch diese Cookies erhaltenen Informationen werden zur Analyse von Verkehrsmustern auf der Website verwendet. Letztendlich k\u00f6nnen wir dadurch ein besseres Erlebnis bieten, den Inhalt verbessern und die Benutzerfreundlichkeit verbessern.<\/li>\n\n\n\n<li><strong>Dauerhafte Cookies:<\/strong> Sie werden auf der Festplatte gespeichert und von unserer Website bei jedem neuen Besuch des Benutzers gelesen. Ein permanenter Cookie hat ein bestimmtes Ablaufdatum. Nach diesem Datum funktioniert das Cookie nicht mehr. Wir verwenden diese Cookies im Allgemeinen, um Kauf- und Registrierungsdienste zu erleichtern.<\/li>\n<\/ul>\n\n<h4 class=\"wp-block-heading\">RESTLICHE INFORMATIONEN:<\/h4>\n\n<p>Die weiteren nach Art. 13 DSGVO erforderlichen Informationen k\u00f6nnen Sie <a href=\"https:\/\/www.kubeingenieria.es\/privacy-policy\/\" data-type=\"page\" data-id=\"3\">hier<\/a> einsehen. <\/p>\n","protected":false},"excerpt":{"rendered":"<p>Definition und allgemeine Funktion von Cookies. Der Eigent\u00fcmer dieser Website weist darauf hin, dass Cookies und\/oder \u00e4hnliche Technologien zum Speichern und Abrufen von Informationen beim Surfen verwendet werden. Generell k\u00f6nnen diese Technologien ganz unterschiedlichen Zwecken dienen, wie zum Beispiel der Wiedererkennung als Nutzer, der Gewinnung von Informationen \u00fcber Ihr Surfverhalten oder der Personalisierung der Darstellung [&hellip;]<\/p>\n","protected":false},"author":1,"featured_media":0,"parent":0,"menu_order":0,"comment_status":"closed","ping_status":"closed","template":"","meta":{"footnotes":""},"class_list":["post-2126","page","type-page","status-publish","hentry"],"_links":{"self":[{"href":"https:\/\/www.kubeingenieria.es\/de\/wp-json\/wp\/v2\/pages\/2126","targetHints":{"allow":["GET"]}}],"collection":[{"href":"https:\/\/www.kubeingenieria.es\/de\/wp-json\/wp\/v2\/pages"}],"about":[{"href":"https:\/\/www.kubeingenieria.es\/de\/wp-json\/wp\/v2\/types\/page"}],"author":[{"embeddable":true,"href":"https:\/\/www.kubeingenieria.es\/de\/wp-json\/wp\/v2\/users\/1"}],"replies":[{"embeddable":true,"href":"https:\/\/www.kubeingenieria.es\/de\/wp-json\/wp\/v2\/comments?post=2126"}],"version-history":[{"count":1,"href":"https:\/\/www.kubeingenieria.es\/de\/wp-json\/wp\/v2\/pages\/2126\/revisions"}],"predecessor-version":[{"id":2127,"href":"https:\/\/www.kubeingenieria.es\/de\/wp-json\/wp\/v2\/pages\/2126\/revisions\/2127"}],"wp:attachment":[{"href":"https:\/\/www.kubeingenieria.es\/de\/wp-json\/wp\/v2\/media?parent=2126"}],"curies":[{"name":"wp","href":"https:\/\/api.w.org\/{rel}","templated":true}]}}